{"id":791,"date":"2020-10-19T09:50:58","date_gmt":"2020-10-19T07:50:58","guid":{"rendered":"https:\/\/condedi.de\/?page_id=791"},"modified":"2021-07-12T14:24:29","modified_gmt":"2021-07-12T12:24:29","slug":"mentions-legales","status":"publish","type":"page","link":"https:\/\/condedi.de\/fr\/impressum\/","title":{"rendered":"Mentions l\u00e9gales"},"content":{"rendered":"<p>[et_pb_section fb_built=&#8220;1&#8243; fullwidth=&#8220;on&#8220; _builder_version=&#8220;4.7.4&#8243; _module_preset=&#8220;default&#8220; background_enable_image=&#8220;off&#8220;][et_pb_fullwidth_slider _builder_version=&#8220;4.9.4&#8243; _module_preset=&#8220;default&#8220; custom_button=&#8220;on&#8220; button_text_size=&#8220;18px&#8220; button_text_color=&#8220;#FFFFFF&#8220; button_bg_color=&#8220;#a3a3a3&#8243; button_border_width=&#8220;0px&#8220; button_font=&#8220;Open Sans Condensed|700|||||||&#8220; button_icon_color=&#8220;#FFFFFF&#8220; hover_enabled=&#8220;0&#8243; button_bg_color__hover_enabled=&#8220;on|hover&#8220; button_bg_color__hover=&#8220;#e9ba29&#8243; button_bg_enable_color__hover=&#8220;on&#8220; sticky_enabled=&#8220;0&#8243;][et_pb_slide heading=&#8220;Impressum&#8220; button_text=&#8220;mehr erfahren&#8220; button_link=&#8220;#start&#8220; use_bg_overlay=&#8220;on&#8220; bg_overlay_color=&#8220;rgba(0,0,0,0.28)&#8220; _builder_version=&#8220;4.9.4&#8243; _module_preset=&#8220;default&#8220; header_font=&#8220;Open Sans|600||on|||||&#8220; header_text_color=&#8220;#FFFFFF&#8220; header_font_size=&#8220;54px&#8220; body_font=&#8220;Open Sans|300|||||||&#8220; body_text_color=&#8220;#FFFFFF&#8220; body_font_size=&#8220;24px&#8220; background_image=&#8220;https:\/\/condedi.de\/wordpress\/wp-content\/uploads\/header06-scaled.jpg&#8220; background_enable_image=&#8220;on&#8220; parallax=&#8220;on&#8220; hover_enabled=&#8220;0&#8243; sticky_transition=&#8220;on&#8220; header_font_size_last_edited=&#8220;on|phone&#8220; sticky_enabled=&#8220;0&#8243; header_font_size_tablet=&#8220;48px&#8220; header_font_size_phone=&#8220;36px&#8220;][\/et_pb_slide][\/et_pb_fullwidth_slider][\/et_pb_section][et_pb_section fb_built=&#8220;1&#8243; fullwidth=&#8220;on&#8220; admin_label=&#8220;TRENNER Condedi&#8220; module_id=&#8220;produkte&#8220; _builder_version=&#8220;4.7.4&#8243; _module_preset=&#8220;default&#8220;][et_pb_fullwidth_image src=&#8220;https:\/\/condedi.de\/wordpress\/wp-content\/uploads\/trenner_rechts-1.png&#8220; title_text=&#8220;trenner_rechts&#8220; admin_label=&#8220;Trenner rechts&#8220; _builder_version=&#8220;4.7.4&#8243; _module_preset=&#8220;default&#8220; max_height=&#8220;100px&#8220;][\/et_pb_fullwidth_image][\/et_pb_section][et_pb_section fb_built=&#8220;1&#8243; module_id=&#8220;start&#8220; _builder_version=&#8220;4.9.4&#8243; _module_preset=&#8220;default&#8220;][et_pb_row _builder_version=&#8220;4.6.6&#8243; _module_preset=&#8220;default&#8220;][et_pb_column type=&#8220;4_4&#8243; _builder_version=&#8220;4.6.6&#8243; _module_preset=&#8220;default&#8220;][et_pb_text _builder_version=&#8220;4.6.6&#8243; _module_preset=&#8220;default&#8220;]<\/p>\n<p>Angaben gem\u00e4\u00df \u00a7 5 DDG<\/p><p>condedi GmbH<br \/>Uwe-Karsten Brand-Schmidt<br \/>Gr&uuml;ner Weg 25<br \/>59590 Geseke<br \/>Deutschland<br \/><\/p><p><b>Vertreten durch:<\/b> Uwe-Karsten Brand-Schmidt<br \/><\/p><p><b>Kontakt:<\/b><br\/>Telefon: +49 (0) 2942 216-0<br\/>E-Mail: <span style=\"display: none !important;\">2SzmTMAjftG6tBG<\/span>info<span style=\"display: none !important;\">PJAUapdXvdPT7sQ<\/span>@<span style=\"display: none !important;\">HMimZ5eGOrHQiER<\/span>condedi.de<span style=\"display: none !important;\">AkHPhMEWWUHZu1G<\/span><br\/><\/p><p><b>Registereintrag:<\/b><br\/>Registergericht: Amtsgericht Paderborn<br\/>Registernummer: HRB 10552<br\/><\/p><p><b>Umsatzsteuer-ID:<\/b> DE280702915<\/p><p><b>Steuernummer:<\/b> 330\/5707\/2650<\/p><p><b>Haftungsausschluss<\/b><\/p><p><b>Haftung f\u00fcr Links:<\/b><br \/>Unser Angebot enth\u00e4lt Links zu externen Webseiten Dritter, auf deren Inhalte wir keinen Einfluss haben. Deshalb k\u00f6nnen wir f\u00fcr diese fremden Inhalte auch keine Gew\u00e4hr \u00fcbernehmen. F\u00fcr die Inhalte der verlinkten Seiten ist stets der jeweilige Anbieter oder Betreiber der Seiten verantwortlich. Die verlinkten Seiten wurden zum Zeitpunkt der Verlinkung auf m\u00f6gliche Rechtsverst\u00f6\u00dfe \u00fcberpr\u00fcft. Rechtswidrige Inhalte waren zum Zeitpunkt der Verlinkung nicht erkennbar. Eine permanente inhaltliche Kontrolle der verlinkten Seiten ist jedoch ohne konkrete Anhaltspunkte einer Rechtsverletzung nicht zumutbar. Bei Bekanntwerden von Rechtsverletzungen werden wir derartige Links umgehend entfernen.<\/p><p><b>Haftung f\u00fcr Inhalt:<\/b><br \/>Die Inhalte unserer Seiten wurden mit gr\u00f6\u00dfter Sorgfalt erstellt. F\u00fcr die Richtigkeit, Vollst\u00e4ndigkeit und Aktualit\u00e4t der Inhalte k\u00f6nnen wir jedoch keine Gew\u00e4hr \u00fcbernehmen. Als Diensteanbieter sind wir f\u00fcr eigene Inhalte auf diesen Seiten nach den allgemeinen Gesetzen verantwortlich. Wir sind als Diensteanbieter jedoch nicht verpflichtet, \u00fcbermittelte oder gespeicherte fremde Informationen zu \u00fcberwachen oder nach Umst\u00e4nden zu forschen, die auf eine rechtswidrige T\u00e4tigkeit hinweisen. Verpflichtungen zur Entfernung oder Sperrung der Nutzung von Informationen nach den allgemeinen Gesetzen bleiben hiervon unber\u00fchrt. Eine diesbez\u00fcgliche Haftung ist jedoch erst ab dem Zeitpunkt der Kenntnis einer konkreten Rechtsverletzung m\u00f6glich. Bei Bekanntwerden von entsprechenden Rechtsverletzungen werden wir diese Inhalte umgehend entfernen.<\/p><p><b>Urheberrecht<\/b><br \/>Die durch die Seitenbetreiber erstellten Inhalte und Werke auf diesen Seiten unterliegen dem deutschen Urheberrecht. Die Vervielf\u00e4ltigung, Bearbeitung, Verbreitung und jede Art der Verwertung au\u00dferhalb der Grenzen des Urheberrechtes bed\u00fcrfen der schriftlichen Zustimmung des jeweiligen Autors bzw. Erstellers. Downloads und Kopien dieser Seite sind nur f\u00fcr den privaten, nicht kommerziellen Gebrauch gestattet. Soweit die Inhalte auf dieser Seite nicht vom Betreiber erstellt wurden, werden die Urheberrechte Dritter beachtet. Insbesondere werden Inhalte Dritter als solche gekennzeichnet. Sollten Sie trotzdem auf eine Urheberrechtsverletzung aufmerksam werden, bitten wir um einen entsprechenden Hinweis. Bei Bekanntwerden von Rechtsverletzungen werden wir derartige Inhalte umgehend entfernen.<\/p>\n<p>[\/et_pb_text][\/et_pb_column][\/et_pb_row][\/et_pb_section]<\/p>\n","protected":false},"excerpt":{"rendered":"<p>Informations conform\u00e9ment au \u00a7 5 DDG<\/p><p>condedi GmbH<br \/>Uwe-Karsten Brand-Schmidt<br \/>Chemin vert 25<br \/>59590 Geseke<br \/>Allemagne<br \/><\/p><p><b>Repr\u00e9sent\u00e9 par :<\/b> Uwe-Karsten Brand-Schmidt<br \/><\/p><p><b>Contact :<\/b><br\/>T\u00e9l\u00e9phone : +49 (0) 2942 216-0<br\/>Courrier \u00e9lectronique : <span style=\"display: none !important;\">2SzmTMAjftG6tBG<\/span>info<span style=\"display: none !important;\">PJAUapdXvdPT7sQ<\/span>@<span style=\"display: none !important;\">HMimZ5eGOrHQiER<\/span>condedi.de<span style=\"display: none !important;\">AkHPhMEWWUHZu1G<\/span><br\/><\/p><p><b>Inscription au registre :<\/b><br\/>Greffe du tribunal : Tribunal d'instance de Paderborn<br\/>Num\u00e9ro d'immatriculation : HRB 10552<br\/><\/p><p><b>Num\u00e9ro de TVA :<\/b> DE280702915<\/p><p><b>Num\u00e9ro fiscal<\/b> 330\/5707\/2650<\/p><p><b>Avis de non-responsabilit\u00e9<\/b><\/p><p><b>Clause de non-responsabilit\u00e9 concernant les liens :<\/b><br \/>Notre offre contient des liens vers des sites web externes de tiers sur le contenu desquels nous n\u2019avons aucune influence. Par cons\u00e9quent, nous ne pouvons assumer aucune responsabilit\u00e9 pour ces contenus externes. Chaque fournisseur ou exploitant de site est responsable du contenu des sites li\u00e9s. Les sites li\u00e9s ont \u00e9t\u00e9 v\u00e9rifi\u00e9s au moment de la cr\u00e9ation du lien pour d\u00e9tecter d\u2019\u00e9ventuelles violations de la loi. Aucun contenu ill\u00e9gal n\u2019a \u00e9t\u00e9 d\u00e9tect\u00e9 au moment de la cr\u00e9ation du lien. Cependant, un contr\u00f4le permanent du contenu des sites li\u00e9s n\u2019est pas r\u00e9alisable sans indices concrets d\u2019une violation de la loi. D\u00e8s que des violations de la loi seront port\u00e9es \u00e0 notre connaissance, nous supprimerons imm\u00e9diatement ces liens.<\/p><p><b>Responsabilit\u00e9 du contenu :<\/b><br \/>Le contenu de nos pages a \u00e9t\u00e9 cr\u00e9\u00e9 avec le plus grand soin. Cependant, nous ne pouvons garantir l'exactitude, l'exhaustivit\u00e9 et l'actualit\u00e9 du contenu. En tant que prestataire de services, nous sommes responsables de notre propre contenu sur ces pages conform\u00e9ment aux lois g\u00e9n\u00e9rales. Cependant, en tant que prestataire de services, nous ne sommes pas oblig\u00e9s de surveiller les informations \u00e9trang\u00e8res transmises ou stock\u00e9es, ni de rechercher des circonstances indiquant une activit\u00e9 ill\u00e9gale. Les obligations de suppression ou de blocage de l'utilisation d'informations conform\u00e9ment aux lois g\u00e9n\u00e9rales n'en sont pas affect\u00e9es. Une responsabilit\u00e9 \u00e0 cet \u00e9gard n'est cependant possible qu'\u00e0 partir du moment o\u00f9 nous avons connaissance d'une violation concr\u00e8te de la loi. D\u00e8s que nous aurons connaissance de telles violations, nous supprimerons ces contenus imm\u00e9diatement.<\/p><p><b>Droit d'auteur<\/b><br \/>Les contenus et \u0153uvres cr\u00e9\u00e9s par les exploitants du site sur ces pages sont soumis au droit d'auteur allemand. La reproduction, le traitement, la diffusion et toute forme d'exploitation en dehors des limites du droit d'auteur n\u00e9cessitent le consentement \u00e9crit de l'auteur ou du cr\u00e9ateur respectif. Le t\u00e9l\u00e9chargement et les copies de ce site sont autoris\u00e9s uniquement pour un usage priv\u00e9 et non commercial. Dans la mesure o\u00f9 les contenus de ce site n'ont pas \u00e9t\u00e9 cr\u00e9\u00e9s par l'exploitant, les droits d'auteur de tiers sont respect\u00e9s. En particulier, les contenus de tiers sont identifi\u00e9s comme tels. Si vous \u00eates n\u00e9anmoins inform\u00e9 d'une violation du droit d'auteur, nous vous prions d'en faire part. En cas de violation des droits, nous supprimerons imm\u00e9diatement ces contenus.<\/p>","protected":false},"author":1,"featured_media":0,"parent":0,"menu_order":20,"comment_status":"closed","ping_status":"closed","template":"","meta":{"_et_pb_use_builder":"on","_et_pb_old_content":"","_et_gb_content_width":"","footnotes":""},"dipi_cpt_category":[],"class_list":["post-791","page","type-page","status-publish","hentry"],"_links":{"self":[{"href":"https:\/\/condedi.de\/fr\/wp-json\/wp\/v2\/pages\/791","targetHints":{"allow":["GET"]}}],"collection":[{"href":"https:\/\/condedi.de\/fr\/wp-json\/wp\/v2\/pages"}],"about":[{"href":"https:\/\/condedi.de\/fr\/wp-json\/wp\/v2\/types\/page"}],"author":[{"embeddable":true,"href":"https:\/\/condedi.de\/fr\/wp-json\/wp\/v2\/users\/1"}],"replies":[{"embeddable":true,"href":"https:\/\/condedi.de\/fr\/wp-json\/wp\/v2\/comments?post=791"}],"version-history":[{"count":7,"href":"https:\/\/condedi.de\/fr\/wp-json\/wp\/v2\/pages\/791\/revisions"}],"predecessor-version":[{"id":2496,"href":"https:\/\/condedi.de\/fr\/wp-json\/wp\/v2\/pages\/791\/revisions\/2496"}],"wp:attachment":[{"href":"https:\/\/condedi.de\/fr\/wp-json\/wp\/v2\/media?parent=791"}],"wp:term":[{"taxonomy":"dipi_cpt_category","embeddable":true,"href":"https:\/\/condedi.de\/fr\/wp-json\/wp\/v2\/dipi_cpt_category?post=791"}],"curies":[{"name":"wp","href":"https:\/\/api.w.org\/{rel}","templated":true}]}}