{"id":1640,"date":"2021-03-11T11:12:50","date_gmt":"2021-03-11T10:12:50","guid":{"rendered":"https:\/\/condedi.de\/?page_id=1640"},"modified":"2021-07-12T14:23:45","modified_gmt":"2021-07-12T12:23:45","slug":"services","status":"publish","type":"page","link":"https:\/\/condedi.de\/en\/leistungen\/","title":{"rendered":"Services"},"content":{"rendered":"<p>[et_pb_section fb_built=&#8220;1&#8243; fullwidth=&#8220;on&#8220; _builder_version=&#8220;4.7.4&#8243; _module_preset=&#8220;default&#8220; background_enable_image=&#8220;off&#8220;][et_pb_fullwidth_slider _builder_version=&#8220;4.9.4&#8243; _module_preset=&#8220;default&#8220; custom_button=&#8220;on&#8220; button_text_size=&#8220;18px&#8220; button_text_color=&#8220;#FFFFFF&#8220; button_bg_color=&#8220;#a3a3a3&#8243; button_border_width=&#8220;0px&#8220; button_font=&#8220;Open Sans Condensed|700|||||||&#8220; button_icon_color=&#8220;#FFFFFF&#8220; hover_enabled=&#8220;0&#8243; button_bg_color__hover_enabled=&#8220;on|hover&#8220; button_bg_color__hover=&#8220;#e9ba29&#8243; button_bg_enable_color__hover=&#8220;on&#8220; sticky_enabled=&#8220;0&#8243;][et_pb_slide heading=&#8220;Unsere Leistungen&#8220; button_text=&#8220;mehr erfahren&#8220; button_link=&#8220;#start&#8220; use_bg_overlay=&#8220;on&#8220; bg_overlay_color=&#8220;rgba(0,0,0,0.28)&#8220; _builder_version=&#8220;4.9.4&#8243; _module_preset=&#8220;default&#8220; header_font=&#8220;Open Sans|600||on|||||&#8220; header_text_color=&#8220;#FFFFFF&#8220; header_font_size=&#8220;54px&#8220; body_font=&#8220;Open Sans|300|||||||&#8220; body_text_color=&#8220;#FFFFFF&#8220; body_font_size=&#8220;24px&#8220; background_image=&#8220;https:\/\/condedi.de\/wordpress\/wp-content\/uploads\/header06-scaled.jpg&#8220; background_enable_image=&#8220;on&#8220; parallax=&#8220;on&#8220; hover_enabled=&#8220;0&#8243; sticky_transition=&#8220;on&#8220; header_font_size_last_edited=&#8220;on|tablet&#8220; sticky_enabled=&#8220;0&#8243; header_font_size_phone=&#8220;40px&#8220; header_font_size_tablet=&#8220;48px&#8220;]<\/p>\n<p>&nbsp;<\/p>\n<p>Beratung | Entwicklung | Vertrieb | Qualit\u00e4tssicherung | Services<\/p>\n<p>&nbsp;<\/p>\n<p>[\/et_pb_slide][\/et_pb_fullwidth_slider][\/et_pb_section][et_pb_section fb_built=&#8220;1&#8243; fullwidth=&#8220;on&#8220; admin_label=&#8220;TRENNER Condedi&#8220; module_id=&#8220;produkte&#8220; _builder_version=&#8220;4.7.4&#8243; _module_preset=&#8220;default&#8220;][et_pb_fullwidth_image src=&#8220;https:\/\/condedi.de\/wordpress\/wp-content\/uploads\/trenner_rechts-1.png&#8220; title_text=&#8220;trenner_rechts&#8220; admin_label=&#8220;Trenner rechts&#8220; _builder_version=&#8220;4.7.4&#8243; _module_preset=&#8220;default&#8220; max_height=&#8220;100px&#8220;][\/et_pb_fullwidth_image][\/et_pb_section][et_pb_section fb_built=&#8220;1&#8243; admin_label=&#8220;PRODUKTE&#8220; _builder_version=&#8220;4.7.4&#8243; _module_preset=&#8220;default&#8220; background_image=&#8220;https:\/\/condedi.de\/wordpress\/wp-content\/uploads\/hg_blank03_low.png&#8220; background_size=&#8220;contain&#8220; background_position=&#8220;center_right&#8220;][et_pb_row module_id=&#8220;start&#8220; _builder_version=&#8220;4.9.0&#8243; _module_preset=&#8220;default&#8220;][et_pb_column type=&#8220;4_4&#8243; _builder_version=&#8220;4.7.4&#8243; _module_preset=&#8220;default&#8220;][et_pb_text _builder_version=&#8220;4.9.0&#8243; _module_preset=&#8220;default&#8220;]<\/p>\n<p>&nbsp;<\/p>\n<p>&nbsp;<\/p>\n<p>[\/et_pb_text][et_pb_testimonial portrait_url=&#8220;https:\/\/condedi.de\/wordpress\/wp-content\/uploads\/Ziel.png&#8220; portrait_width=&#8220;100px&#8220; portrait_height=&#8220;100px&#8220; _builder_version=&#8220;4.9.0&#8243; _module_preset=&#8220;default&#8220; body_font=&#8220;Open Sans||||||||&#8220; body_font_size=&#8220;18px&#8220; custom_margin=&#8220;||25px||false|false&#8220; animation_style=&#8220;slide&#8220; animation_duration=&#8220;1500ms&#8220; animation_delay=&#8220;300ms&#8220; border_color_all_portrait=&#8220;RGBA(0,0,0,0)&#8220;]<\/p>\n<p><strong>Unser \u00fcbergeordnetes Ziel:<\/strong><\/p>\n<p>Sie k\u00f6nnen sich vollkommen auf Ihre Hauptaufgaben konzentrieren w\u00e4hrend wir f\u00fcr Sie im Hintergrund alles andere erledigen.<\/p>\n<p>[\/et_pb_testimonial][et_pb_text _builder_version=&#8220;4.9.0&#8243; _module_preset=&#8220;default&#8220; text_font=&#8220;Open Sans||||||||&#8220; text_text_color=&#8220;#474747&#8243; text_font_size=&#8220;18px&#8220; text_line_height=&#8220;1.8em&#8220; custom_margin=&#8220;25px||25px||false|false&#8220;]<\/p>\n<p>Schwerpunkt des Importes ist Asien mit dem Hauptbeschaffungsmarkt China. China ist nach wie vor der Hauptmarkt in der globalen Beschaffung, da es dort unwahrscheinlich viele verschiedene Artikel an \u201eeinem Ort\u201c zu erwerben gibt.\u00a0Selbstverst\u00e4ndlich gibt es auch Nischenm\u00e4rkte in anderen asiatischen L\u00e4ndern (z.B. Bekleidung aus Thailand, Naturm\u00f6bel aus Vietnam, Edelstahlwaren aus Indien, etc.) \u2013 dennoch ist und bleibt China der gro\u00dfe Generalist. Viele westliche Firmen haben sehr gute, aber auch weniger gute Erfahrungen beim Import von Waren aus China gemacht. Ursachen hierf\u00fcr k\u00f6nnen \u2013 je nach Situation \u2013 an verschiedenen Dingen liegen, wie z.B. Kultur, Sprache, Verst\u00e4ndnis, Zeitverschiebung sowie Produkt- und Herstellungskenntnis.<\/p>\n<p>[\/et_pb_text][\/et_pb_column][\/et_pb_row][et_pb_row _builder_version=&#8220;4.9.0&#8243; _module_preset=&#8220;default&#8220; animation_style=&#8220;zoom&#8220; animation_duration=&#8220;1500ms&#8220; animation_delay=&#8220;300ms&#8220; animation_intensity_zoom=&#8220;40%&#8220;][et_pb_column type=&#8220;4_4&#8243; _builder_version=&#8220;4.9.0&#8243; _module_preset=&#8220;default&#8220;][et_pb_toggle title=&#8220;CONSULTING&#8220; open_toggle_text_color=&#8220;#ad8878&#8243; closed_toggle_text_color=&#8220;#FFFFFF&#8220; closed_toggle_background_color=&#8220;#ad8878&#8243; admin_label=&#8220;Consulting&#8220; _builder_version=&#8220;4.9.0&#8243; _module_preset=&#8220;default&#8220; title_font=&#8220;Open Sans||||||||&#8220; title_font_size=&#8220;26px&#8220; body_font=&#8220;Open Sans||||||||&#8220; body_font_size=&#8220;18px&#8220; body_letter_spacing=&#8220;1px&#8220;]<\/p>\n<p>Wir beraten Sie \u00fcber die besten M\u00f6glichkeiten zur Findung neuer Produkte, zum Import von Waren und zur Beschaffung allgemein. Greifen Sie auf unsere jahrelange Erfahrungen in Einkauf und Beschaffung von Produkten auf der ganzen Welt zur\u00fcck.<\/p>\n<p>[\/et_pb_toggle][et_pb_toggle title=&#8220;DEVELOPMENT&#8220; open_toggle_text_color=&#8220;#ad8878&#8243; closed_toggle_text_color=&#8220;#FFFFFF&#8220; closed_toggle_background_color=&#8220;#ad8878&#8243; admin_label=&#8220;Development&#8220; _builder_version=&#8220;4.9.0&#8243; _module_preset=&#8220;default&#8220; title_font=&#8220;Open Sans||||||||&#8220; title_font_size=&#8220;26px&#8220; body_font=&#8220;Open Sans||||||||&#8220; body_font_size=&#8220;18px&#8220; body_letter_spacing=&#8220;1px&#8220;]<\/p>\n<p>Wir stehen Ihnen nat\u00fcrlich auch bei Produktentwicklung und \u2013sourcing mit Lieferanten und unserem Netzwerk zur Seite. Sollten Sie sich f\u00fcr eine Produktion in Asien entscheiden, setzen unsere Mitarbeiter mit langj\u00e4hriger Erfahrung Ihre Vorgaben vor Ort zielgerecht um.<\/p>\n<p>[\/et_pb_toggle][et_pb_toggle title=&#8220;DISTRIBUTION&#8220; open_toggle_text_color=&#8220;#ad8878&#8243; closed_toggle_text_color=&#8220;#FFFFFF&#8220; closed_toggle_background_color=&#8220;#ad8878&#8243; admin_label=&#8220;DISTRIBUTION&#8220; _builder_version=&#8220;4.9.0&#8243; _module_preset=&#8220;default&#8220; title_font=&#8220;Open Sans||||||||&#8220; title_font_size=&#8220;26px&#8220; body_font=&#8220;Open Sans||||||||&#8220; body_font_size=&#8220;18px&#8220; body_letter_spacing=&#8220;1px&#8220;]<\/p>\n<p>Wir entwickeln mit Ihnen zusammen eine dauerhaft belastbare Distributionsstrategie. Eine Abstimmung auf die Ziele Ihrer Vertriebspolitik und die damit verbundene Orientierung ist unerl\u00e4sslich: ist Ihnen z.B. das Image der Vertriebskan\u00e4le besonders wichtig oder m\u00f6chten Sie im Kern eine hohe Lieferbereitschaft und \u2013verf\u00fcgbarkeit? All das packen wir zusammen an.<\/p>\n<p>[\/et_pb_toggle][et_pb_toggle title=&#8220;QUALITY MANAGEMENT&#8220; open_toggle_text_color=&#8220;#ad8878&#8243; closed_toggle_text_color=&#8220;#FFFFFF&#8220; closed_toggle_background_color=&#8220;#ad8878&#8243; admin_label=&#8220;DISTRIBUTION&#8220; _builder_version=&#8220;4.9.0&#8243; _module_preset=&#8220;default&#8220; title_font=&#8220;Open Sans||||||||&#8220; title_font_size=&#8220;26px&#8220; body_font=&#8220;Open Sans||||||||&#8220; body_font_size=&#8220;18px&#8220; body_letter_spacing=&#8220;1px&#8220;]<\/p>\n<p>Qualit\u00e4tsmanagement bzw. Qualit\u00e4tssicherung sind heutzutage entscheidend \u2013 bei schlechter Qualit\u00e4t kommt es \u201eim besten Fall\u201c nur zu Beschwerden seitens Ihrer Kunden \u2013 noch schlimmer w\u00e4ren Produktr\u00fcckrufe, Umsatzausfall durch ausbleibende Lieferung und vieles mehr. <br \/>Gerade, wenn die Produktion in Asien sitzt ist dies besonders schwierig und Reklamationen k\u00f6nnen sich zeitlich extrem in die L\u00e4nge ziehen. Damit dies nicht passiert, \u00fcbernehmen wir generell die Qualit\u00e4tssicherung am Produktionsort und das weltweit.<\/p>\n<p>[\/et_pb_toggle][et_pb_toggle title=&#8220;VALUE ADDED SERVICES&#8220; open_toggle_text_color=&#8220;#ad8878&#8243; closed_toggle_text_color=&#8220;#FFFFFF&#8220; closed_toggle_background_color=&#8220;#ad8878&#8243; admin_label=&#8220;DISTRIBUTION&#8220; _builder_version=&#8220;4.9.0&#8243; _module_preset=&#8220;default&#8220; title_font=&#8220;Open Sans||||||||&#8220; title_font_size=&#8220;26px&#8220; body_font=&#8220;Open Sans||||||||&#8220; body_font_size=&#8220;18px&#8220; body_letter_spacing=&#8220;1px&#8220;]<\/p>\n<p>Wir alle erwarten immer mehr beim Kauf eines Produktes. Doch was macht das \u201emehr\u201c aus? Hier kommen Service-Angebote ins Spiel: wir helfen Ihnen die Basics, die der Kunde generell erwartet zu erf\u00fcllen und erarbeiten dar\u00fcber hinaus gemeinsam mit Ihnen die m\u00f6glichen Soll- und Kann-Leistungen.<\/p>\n<p>[\/et_pb_toggle][\/et_pb_column][\/et_pb_row][et_pb_row _builder_version=&#8220;4.7.4&#8243; _module_preset=&#8220;default&#8220;][et_pb_column type=&#8220;4_4&#8243; _builder_version=&#8220;4.7.4&#8243; _module_preset=&#8220;default&#8220;][et_pb_text _builder_version=&#8220;4.7.4&#8243; _module_preset=&#8220;default&#8220;]<\/p>\n<p>&nbsp;<\/p>\n<p>&nbsp;<\/p>\n<p>[\/et_pb_text][\/et_pb_column][\/et_pb_row][\/et_pb_section][et_pb_section fb_built=&#8220;1&#8243; fullwidth=&#8220;on&#8220; admin_label=&#8220;TRENNER Condedi&#8220; module_id=&#8220;condedi&#8220; _builder_version=&#8220;4.7.4&#8243; _module_preset=&#8220;default&#8220;][et_pb_fullwidth_image src=&#8220;https:\/\/condedi.de\/wordpress\/wp-content\/uploads\/trenner_links2.png&#8220; title_text=&#8220;trenner_links2&#8243; admin_label=&#8220;Trenner rechts&#8220; _builder_version=&#8220;4.7.4&#8243; _module_preset=&#8220;default&#8220; max_height=&#8220;100px&#8220;][\/et_pb_fullwidth_image][\/et_pb_section]<\/p>\n","protected":false},"excerpt":{"rendered":"<p>&nbsp; Beratung | Entwicklung | Vertrieb | Qualit\u00e4tssicherung | Services &nbsp;&nbsp; &nbsp;Unser \u00fcbergeordnetes Ziel: Sie k\u00f6nnen sich vollkommen auf Ihre Hauptaufgaben konzentrieren w\u00e4hrend wir f\u00fcr Sie im Hintergrund alles andere erledigen.Schwerpunkt des Importes ist Asien mit dem Hauptbeschaffungsmarkt China. China ist nach wie vor der Hauptmarkt in der globalen Beschaffung, da es dort unwahrscheinlich viele [&hellip;]<\/p>\n","protected":false},"author":1,"featured_media":0,"parent":0,"menu_order":2,"comment_status":"closed","ping_status":"closed","template":"","meta":{"_et_pb_use_builder":"on","_et_pb_old_content":"","_et_gb_content_width":"","footnotes":""},"dipi_cpt_category":[],"class_list":["post-1640","page","type-page","status-publish","hentry"],"_links":{"self":[{"href":"https:\/\/condedi.de\/en\/wp-json\/wp\/v2\/pages\/1640","targetHints":{"allow":["GET"]}}],"collection":[{"href":"https:\/\/condedi.de\/en\/wp-json\/wp\/v2\/pages"}],"about":[{"href":"https:\/\/condedi.de\/en\/wp-json\/wp\/v2\/types\/page"}],"author":[{"embeddable":true,"href":"https:\/\/condedi.de\/en\/wp-json\/wp\/v2\/users\/1"}],"replies":[{"embeddable":true,"href":"https:\/\/condedi.de\/en\/wp-json\/wp\/v2\/comments?post=1640"}],"version-history":[{"count":10,"href":"https:\/\/condedi.de\/en\/wp-json\/wp\/v2\/pages\/1640\/revisions"}],"predecessor-version":[{"id":2495,"href":"https:\/\/condedi.de\/en\/wp-json\/wp\/v2\/pages\/1640\/revisions\/2495"}],"wp:attachment":[{"href":"https:\/\/condedi.de\/en\/wp-json\/wp\/v2\/media?parent=1640"}],"wp:term":[{"taxonomy":"dipi_cpt_category","embeddable":true,"href":"https:\/\/condedi.de\/en\/wp-json\/wp\/v2\/dipi_cpt_category?post=1640"}],"curies":[{"name":"wp","href":"https:\/\/api.w.org\/{rel}","templated":true}]}}